{"id":612,"date":"2016-03-07T03:11:04","date_gmt":"2016-03-07T00:11:04","guid":{"rendered":"https:\/\/www.gavias-theme.com\/wp\/inusti\/?page_id=612"},"modified":"2023-09-09T17:21:11","modified_gmt":"2023-09-09T14:21:11","slug":"hakkimizda","status":"publish","type":"page","link":"https:\/\/tekmak.com\/tr\/hakkimizda\/","title":{"rendered":"Hakk\u0131m\u0131zda"},"content":{"rendered":"\t\t<div data-elementor-type=\"wp-post\" data-elementor-id=\"612\" class=\"elementor elementor-612\">\n\t\t\t\t\t\t\t\t\t<section class=\"elementor-section elementor-top-section elementor-element elementor-element-38471f2 elementor-section-boxed elementor-section-height-default elementor-section-height-default\" data-id=\"38471f2\" data-element_type=\"section\">\n\t\t\t\t\t\t<div class=\"elementor-container elementor-column-gap-default\">\n\t\t\t\t\t<div class=\"elementor-column elementor-col-50 elementor-top-column elementor-element elementor-element-1bbaa26 top column-style-top\" data-id=\"1bbaa26\" data-element_type=\"column\">\n\t\t\t<div class=\"elementor-widget-wrap elementor-element-populated\">\n\t\t\t\t\t\t\t\t<div class=\"elementor-element elementor-element-b648e4a elementor-widget elementor-widget-image\" data-id=\"b648e4a\" data-element_type=\"widget\" data-widget_type=\"image.default\">\n\t\t\t\t<div class=\"elementor-widget-container\">\n\t\t\t<style>\/*! elementor - v3.15.0 - 20-08-2023 *\/\n.elementor-widget-image{text-align:center}.elementor-widget-image a{display:inline-block}.elementor-widget-image a img[src$=\".svg\"]{width:48px}.elementor-widget-image img{vertical-align:middle;display:inline-block}<\/style>\t\t\t\t\t\t\t\t\t\t\t\t<img loading=\"lazy\" decoding=\"async\" width=\"954\" height=\"1162\" src=\"https:\/\/tekmak.com\/wp-content\/uploads\/2023\/09\/logo.jpg\" class=\"attachment-full size-full wp-image-13444\" alt=\"\" srcset=\"https:\/\/tekmak.com\/wp-content\/uploads\/2023\/09\/logo.jpg 954w, https:\/\/tekmak.com\/wp-content\/uploads\/2023\/09\/logo-841x1024.jpg 841w, https:\/\/tekmak.com\/wp-content\/uploads\/2023\/09\/logo-768x935.jpg 768w, https:\/\/tekmak.com\/wp-content\/uploads\/2023\/09\/logo-600x731.jpg 600w\" sizes=\"auto, (max-width: 954px) 100vw, 954px\" \/>\t\t\t\t\t\t\t\t\t\t\t\t\t\t\t<\/div>\n\t\t\t\t<\/div>\n\t\t\t\t\t<\/div>\n\t\t<\/div>\n\t\t\t\t<div class=\"elementor-column elementor-col-50 elementor-top-column elementor-element elementor-element-1d47282 top column-style-top\" data-id=\"1d47282\" data-element_type=\"column\">\n\t\t\t<div class=\"elementor-widget-wrap elementor-element-populated\">\n\t\t\t\t\t\t\t\t<div class=\"elementor-element elementor-element-ef442b0 elementor-widget elementor-widget-gva-heading-block\" data-id=\"ef442b0\" data-element_type=\"widget\" data-widget_type=\"gva-heading-block.default\">\n\t\t\t\t<div class=\"elementor-widget-container\">\n\t\t\t<div class=\"gva-element-gva-heading-block gva-element\">   <div class=\"align-left style-1 widget gsc-heading box-align-left\">\r\n      <div class=\"content-inner\">\r\n         \r\n                  \r\n           \r\n         \r\n                     <h2 class=\"title\">\r\n               <span>TekMak sadece makine \u00fcretmiyor; sizin i\u00e7in hayat\u0131 kolayla\u015ft\u0131ran \u00e7\u00f6z\u00fcmler \u00fcretiyoruz.<\/span>\r\n            <\/h2>\r\n                              <div class=\"title-desc\">Ge\u00e7ti\u011fimiz k\u0131rk y\u0131l boyunca Tekmak'\u0131n yolculu\u011fu durmak bilmeyen bir evrime sahne oldu. M\u00fckemmelli\u011fe olan sars\u0131lmaz ba\u011fl\u0131l\u0131\u011f\u0131yla \u015firket, T\u00fcrk ekonomisinin \u00f6z\u00fcyle \u00f6rt\u00fc\u015fen bir misyonu benimsedi. Benzersiz kalitede \u00fcr\u00fcn ve hizmetleri do\u011fru de\u011ferde sunarak Tekmak, hem yerel i\u015fletmeler hem de yabanc\u0131 pazarlar i\u00e7in g\u00fcvenilir bir ortak haline geldi. G\u00fcnl\u00fck operasyonlar\u0131n\u0131z\u0131 daha sorunsuz, daha basit ve daha verimli hale getirmekten gurur duyuyoruz. Tekmak sadece makine \u00fcretmiyor; sizin i\u00e7in hayat\u0131 kolayla\u015ft\u0131ran \u00e7\u00f6z\u00fcmler \u00fcretiyoruz.<\/div>\r\n         \r\n         \r\n      <\/div>\r\n   <\/div>\r\n   <div class=\"clearfix\"><\/div>\r\n<\/div>\t\t<\/div>\n\t\t\t\t<\/div>\n\t\t\t\t\t<\/div>\n\t\t<\/div>\n\t\t\t\t\t\t\t<\/div>\n\t\t<\/section>\n\t\t\t\t<section class=\"elementor-section elementor-top-section elementor-element elementor-element-41d3235 elementor-section-boxed elementor-section-height-default elementor-section-height-default\" data-id=\"41d3235\" data-element_type=\"section\" data-settings=\"{&quot;background_background&quot;:&quot;classic&quot;}\">\n\t\t\t\t\t\t\t<div class=\"elementor-background-overlay\"><\/div>\n\t\t\t\t\t\t\t<div class=\"elementor-container elementor-column-gap-default\">\n\t\t\t\t\t<div class=\"elementor-column elementor-col-33 elementor-top-column elementor-element elementor-element-cef0d7a top column-style-top\" data-id=\"cef0d7a\" data-element_type=\"column\">\n\t\t\t<div class=\"elementor-widget-wrap elementor-element-populated\">\n\t\t\t\t\t\t\t\t<div class=\"elementor-element elementor-element-87d9041 elementor-widget elementor-widget-gva-counter\" data-id=\"87d9041\" data-element_type=\"widget\" data-widget_type=\"gva-counter.default\">\n\t\t\t\t<div class=\"elementor-widget-container\">\n\t\t\t<div class=\"gva-element-gva-counter gva-element\">\r\n         <div class=\"widget milestone-block style-1\">\r\n         <div class=\"box-content\">\r\n            \r\n            <div class=\"milestone-content\">\r\n               <div class=\"milestone-number-inner\">\r\n                                    <span class=\"milestone-number\">20<\/span>\r\n                                 <\/div>\r\n                                 <div class=\"milestone-text\">\r\n                      \u00dclkede Proje                  <\/div>\r\n                           <\/div>\r\n         <\/div>   \r\n      <\/div> \r\n   \r\n<\/div>\t\t<\/div>\n\t\t\t\t<\/div>\n\t\t\t\t\t<\/div>\n\t\t<\/div>\n\t\t\t\t<div class=\"elementor-column elementor-col-33 elementor-top-column elementor-element elementor-element-2adaa2c top column-style-top\" data-id=\"2adaa2c\" data-element_type=\"column\">\n\t\t\t<div class=\"elementor-widget-wrap elementor-element-populated\">\n\t\t\t\t\t\t\t\t<div class=\"elementor-element elementor-element-43fd91d elementor-widget elementor-widget-gva-counter\" data-id=\"43fd91d\" data-element_type=\"widget\" data-widget_type=\"gva-counter.default\">\n\t\t\t\t<div class=\"elementor-widget-container\">\n\t\t\t<div class=\"gva-element-gva-counter gva-element\">\r\n         <div class=\"widget milestone-block style-1\">\r\n         <div class=\"box-content\">\r\n            \r\n            <div class=\"milestone-content\">\r\n               <div class=\"milestone-number-inner\">\r\n                                    <span class=\"milestone-number\">200<\/span>\r\n                                 <\/div>\r\n                                 <div class=\"milestone-text\">\r\n                      Tamamlanan Proje                  <\/div>\r\n                           <\/div>\r\n         <\/div>   \r\n      <\/div> \r\n   \r\n<\/div>\t\t<\/div>\n\t\t\t\t<\/div>\n\t\t\t\t\t<\/div>\n\t\t<\/div>\n\t\t\t\t<div class=\"elementor-column elementor-col-33 elementor-top-column elementor-element elementor-element-b50667b top column-style-top\" data-id=\"b50667b\" data-element_type=\"column\">\n\t\t\t<div class=\"elementor-widget-wrap elementor-element-populated\">\n\t\t\t\t\t\t\t\t<div class=\"elementor-element elementor-element-6001cd2 elementor-widget elementor-widget-gva-counter\" data-id=\"6001cd2\" data-element_type=\"widget\" data-widget_type=\"gva-counter.default\">\n\t\t\t\t<div class=\"elementor-widget-container\">\n\t\t\t<div class=\"gva-element-gva-counter gva-element\">\r\n         <div class=\"widget milestone-block style-1\">\r\n         <div class=\"box-content\">\r\n            \r\n            <div class=\"milestone-content\">\r\n               <div class=\"milestone-number-inner\">\r\n                                    <span class=\"milestone-number\">60<\/span>\r\n                                 <\/div>\r\n                                 <div class=\"milestone-text\">\r\n                      \u00c7al\u0131\u015fan                  <\/div>\r\n                           <\/div>\r\n         <\/div>   \r\n      <\/div> \r\n   \r\n<\/div>\t\t<\/div>\n\t\t\t\t<\/div>\n\t\t\t\t\t<\/div>\n\t\t<\/div>\n\t\t\t\t\t\t\t<\/div>\n\t\t<\/section>\n\t\t\t\t<section class=\"elementor-section elementor-top-section elementor-element elementor-element-e98882b elementor-section-boxed elementor-section-height-default elementor-section-height-default\" data-id=\"e98882b\" data-element_type=\"section\" data-settings=\"{&quot;background_background&quot;:&quot;classic&quot;}\">\n\t\t\t\t\t\t<div class=\"elementor-container elementor-column-gap-default\">\n\t\t\t\t\t<div class=\"elementor-column elementor-col-100 elementor-top-column elementor-element elementor-element-45bb2d9 top column-style-top\" data-id=\"45bb2d9\" data-element_type=\"column\">\n\t\t\t<div class=\"elementor-widget-wrap elementor-element-populated\">\n\t\t\t\t\t\t\t\t<div class=\"elementor-element elementor-element-158ff57 elementor-widget elementor-widget-gva-call-to-action\" data-id=\"158ff57\" data-element_type=\"widget\" data-widget_type=\"gva-call-to-action.default\">\n\t\t\t\t<div class=\"elementor-widget-container\">\n\t\t\t<div class=\"gva-element-gva-call-to-action gva-element\">\r\n   <div class=\"button-center widget gsc-call-to-action\">\r\n      <div class=\"content-inner clearfix\" >\r\n         <div class=\"cta-content\">\r\n                           <h2 class=\"title\">\r\n                  <span>40+ Y\u0131ll\u0131k Makine \u00dcretim Deneyimi<\/span>\r\n               <\/h2>\r\n                                             <\/div>\r\n                     <div class=\"button-action\">\r\n                       <a href=\"https:\/\/tekmak.com\/iletisim\/\" class=\"btn-cta btn-theme\">\r\n          <span>\u0130leti\u015fim<\/span>\r\n        <\/a>\r\n\r\n                    <\/div>\r\n               <\/div>\r\n   <\/div>\r\n<\/div>\t\t<\/div>\n\t\t\t\t<\/div>\n\t\t\t\t\t<\/div>\n\t\t<\/div>\n\t\t\t\t\t\t\t<\/div>\n\t\t<\/section>\n\t\t\t\t\t\t\t<\/div>\n\t\t","protected":false},"excerpt":{"rendered":"<p>TekMak sadece makine \u00fcretmiyor; sizin i\u00e7in hayat\u0131 kolayla\u015ft\u0131ran \u00e7\u00f6z\u00fcmler \u00fcretiyoruz. Ge\u00e7ti\u011fimiz k\u0131rk y\u0131l boyunca Tekmak&#8217;\u0131n yolculu\u011fu durmak bilmeyen bir evrime sahne oldu. M\u00fckemmelli\u011fe olan sars\u0131lmaz ba\u011fl\u0131l\u0131\u011f\u0131yla \u015firket, T\u00fcrk ekonomisinin \u00f6z\u00fcyle \u00f6rt\u00fc\u015fen bir misyonu benimsedi. Benzersiz kalitede \u00fcr\u00fcn ve hizmetleri do\u011fru de\u011ferde sunarak Tekmak, hem yerel i\u015fletmeler hem de yabanc\u0131 pazarlar i\u00e7in g\u00fcvenilir bir ortak haline [&hellip;]<\/p>\n","protected":false},"author":1,"featured_media":0,"parent":0,"menu_order":0,"comment_status":"closed","ping_status":"closed","template":"","meta":{"footnotes":""},"class_list":["post-612","page","type-page","status-publish","hentry"],"_links":{"self":[{"href":"https:\/\/tekmak.com\/tr\/wp-json\/wp\/v2\/pages\/612","targetHints":{"allow":["GET"]}}],"collection":[{"href":"https:\/\/tekmak.com\/tr\/wp-json\/wp\/v2\/pages"}],"about":[{"href":"https:\/\/tekmak.com\/tr\/wp-json\/wp\/v2\/types\/page"}],"author":[{"embeddable":true,"href":"https:\/\/tekmak.com\/tr\/wp-json\/wp\/v2\/users\/1"}],"replies":[{"embeddable":true,"href":"https:\/\/tekmak.com\/tr\/wp-json\/wp\/v2\/comments?post=612"}],"version-history":[{"count":31,"href":"https:\/\/tekmak.com\/tr\/wp-json\/wp\/v2\/pages\/612\/revisions"}],"predecessor-version":[{"id":13527,"href":"https:\/\/tekmak.com\/tr\/wp-json\/wp\/v2\/pages\/612\/revisions\/13527"}],"wp:attachment":[{"href":"https:\/\/tekmak.com\/tr\/wp-json\/wp\/v2\/media?parent=612"}],"curies":[{"name":"wp","href":"https:\/\/api.w.org\/{rel}","templated":true}]}}