{"id":14624,"date":"2016-03-07T03:10:46","date_gmt":"2016-03-07T00:10:46","guid":{"rendered":"https:\/\/tekmak.com\/contact-us\/"},"modified":"2023-09-11T14:30:35","modified_gmt":"2023-09-11T11:30:35","slug":"contacto","status":"publish","type":"page","link":"https:\/\/tekmak.com\/es\/contacto\/","title":{"rendered":"Contacto"},"content":{"rendered":"\t\t<div data-elementor-type=\"wp-post\" data-elementor-id=\"14624\" class=\"elementor elementor-14624 elementor-610\">\n\t\t\t\t\t\t\t\t\t<section class=\"elementor-section elementor-top-section elementor-element elementor-element-d121267 elementor-section-boxed elementor-section-height-default elementor-section-height-default\" data-id=\"d121267\" data-element_type=\"section\" data-settings=\"{&quot;background_background&quot;:&quot;classic&quot;}\">\n\t\t\t\t\t\t<div class=\"elementor-container elementor-column-gap-default\">\n\t\t\t\t\t<div class=\"elementor-column elementor-col-33 elementor-top-column elementor-element elementor-element-c6ed860 top column-style-top\" data-id=\"c6ed860\" data-element_type=\"column\">\n\t\t\t<div class=\"elementor-widget-wrap elementor-element-populated\">\n\t\t\t\t\t\t\t\t<div class=\"elementor-element elementor-element-d53b107 elementor-widget-tablet__width-auto elementor-widget-mobile__width-inherit elementor-widget elementor-widget-gva-icon-box-styles\" data-id=\"d53b107\" data-element_type=\"widget\" data-widget_type=\"gva-icon-box-styles.default\">\n\t\t\t\t<div class=\"elementor-widget-container\">\n\t\t\t<div class=\"gva-element-gva-icon-box-styles gva-element\">\r\n   \r\n\r\n         <div class=\"widget gsc-icon-box-styles style-2\">\r\n                     <div class=\"icon-inner\">\r\n                                                      <span class=\"box-icon\">\r\n                        <i aria-hidden=\"true\" class=\"far fa-envelope\"><\/i>                     <\/span>\r\n                                             <\/div>\r\n         \r\n                     <h3 class=\"title\">\r\n                                 Correo electr\u00f3nico                     \r\n            <\/h3>\r\n                  <div class=\"content-inner\">\r\n                           <div class=\"desc\">info@tekmak.com<\/div>\r\n                     <\/div>\r\n      <\/div> \r\n      \r\n\r\n\r\n<\/div>\t\t<\/div>\n\t\t\t\t<\/div>\n\t\t\t\t\t<\/div>\n\t\t<\/div>\n\t\t\t\t<div class=\"elementor-column elementor-col-33 elementor-top-column elementor-element elementor-element-dc8a102 top column-style-top\" data-id=\"dc8a102\" data-element_type=\"column\">\n\t\t\t<div class=\"elementor-widget-wrap elementor-element-populated\">\n\t\t\t\t\t\t\t\t<div class=\"elementor-element elementor-element-3dea1e8 elementor-widget-mobile__width-inherit elementor-widget elementor-widget-gva-icon-box-styles\" data-id=\"3dea1e8\" data-element_type=\"widget\" data-widget_type=\"gva-icon-box-styles.default\">\n\t\t\t\t<div class=\"elementor-widget-container\">\n\t\t\t<div class=\"gva-element-gva-icon-box-styles gva-element\">\r\n   \r\n\r\n         <div class=\"widget gsc-icon-box-styles style-2\">\r\n                     <div class=\"icon-inner\">\r\n                                                      <span class=\"box-icon\">\r\n                        <i aria-hidden=\"true\" class=\"fi flaticon-phone-call\"><\/i>                     <\/span>\r\n                                             <\/div>\r\n         \r\n                     <h3 class=\"title\">\r\n                                 Tel\u00e9fono                     \r\n            <\/h3>\r\n                  <div class=\"content-inner\">\r\n                           <div class=\"desc\">+90 262 724 95 60<\/div>\r\n                     <\/div>\r\n      <\/div> \r\n      \r\n\r\n\r\n<\/div>\t\t<\/div>\n\t\t\t\t<\/div>\n\t\t\t\t\t<\/div>\n\t\t<\/div>\n\t\t\t\t<div class=\"elementor-column elementor-col-33 elementor-top-column elementor-element elementor-element-1c55a8b top column-style-top\" data-id=\"1c55a8b\" data-element_type=\"column\">\n\t\t\t<div class=\"elementor-widget-wrap elementor-element-populated\">\n\t\t\t\t\t\t\t\t<div class=\"elementor-element elementor-element-0f501c4 elementor-widget-tablet__width-auto elementor-widget-mobile__width-inherit elementor-widget elementor-widget-gva-icon-box-styles\" data-id=\"0f501c4\" data-element_type=\"widget\" data-widget_type=\"gva-icon-box-styles.default\">\n\t\t\t\t<div class=\"elementor-widget-container\">\n\t\t\t<div class=\"gva-element-gva-icon-box-styles gva-element\">\r\n   \r\n\r\n         <div class=\"widget gsc-icon-box-styles style-2\">\r\n                     <div class=\"icon-inner\">\r\n                                                      <span class=\"box-icon\">\r\n                        <i aria-hidden=\"true\" class=\"fas fa-map-marker-alt\"><\/i>                     <\/span>\r\n                                             <\/div>\r\n         \r\n                     <h3 class=\"title\">\r\n                                 Direcci\u00f3n                     \r\n            <\/h3>\r\n                  <div class=\"content-inner\">\r\n                           <div class=\"desc\">Tav\u015fanl\u0131 Mah. 4501 Sk. No:2 Gebze - Kocaeli \/ Turqu\u00eda<\/div>\r\n                     <\/div>\r\n      <\/div> \r\n      \r\n\r\n\r\n<\/div>\t\t<\/div>\n\t\t\t\t<\/div>\n\t\t\t\t\t<\/div>\n\t\t<\/div>\n\t\t\t\t\t\t\t<\/div>\n\t\t<\/section>\n\t\t\t\t<section class=\"elementor-section elementor-top-section elementor-element elementor-element-0baf9bc elementor-section-boxed elementor-section-height-default elementor-section-height-default\" data-id=\"0baf9bc\" data-element_type=\"section\">\n\t\t\t\t\t\t<div class=\"elementor-container elementor-column-gap-default\">\n\t\t\t\t\t<div class=\"elementor-column elementor-col-100 elementor-top-column elementor-element elementor-element-933d560 top column-style-top\" data-id=\"933d560\" data-element_type=\"column\">\n\t\t\t<div class=\"elementor-widget-wrap elementor-element-populated\">\n\t\t\t\t\t\t\t\t<div class=\"elementor-element elementor-element-6e2599a elementor-widget elementor-widget-gva-heading-block\" data-id=\"6e2599a\" data-element_type=\"widget\" data-widget_type=\"gva-heading-block.default\">\n\t\t\t\t<div class=\"elementor-widget-container\">\n\t\t\t<div class=\"gva-element-gva-heading-block gva-element\">   <div class=\"align-left style-1 widget gsc-heading box-align-left\">\r\n      <div class=\"content-inner\">\r\n         \r\n                  \r\n           \r\n         \r\n                     <h2 class=\"title\">\r\n               <span>TekMak Global<\/span>\r\n            <\/h2>\r\n                              <div class=\"title-desc\">Mientras nos encontramos en el umbral de una nueva era, Tekmak se compromete a dar forma al futuro de la fabricaci\u00f3n de maquinaria. Nuestro viaje desde las m\u00e1quinas perfiladoras de tubos hasta los centros de servicios de acero refleja no s\u00f3lo el crecimiento sino tambi\u00e9n el esp\u00edritu de innovaci\u00f3n que nos define. Nuestro objetivo no s\u00f3lo es cumplir con las expectativas, sino tambi\u00e9n superarlas con cada producto que creamos. Tekmak no es s\u00f3lo una marca; es un legado de excelencia que contin\u00faa evolucionando cada a\u00f1o que pasa. \u00danase a nosotros mientras construimos un futuro en el que las m\u00e1quinas no s\u00f3lo funcionan, sino que transforman las industrias.<\/div>\r\n         \r\n         \r\n      <\/div>\r\n   <\/div>\r\n   <div class=\"clearfix\"><\/div>\r\n<\/div>\t\t<\/div>\n\t\t\t\t<\/div>\n\t\t\t\t\t<\/div>\n\t\t<\/div>\n\t\t\t\t\t\t\t<\/div>\n\t\t<\/section>\n\t\t\t\t<section class=\"elementor-section elementor-top-section elementor-element elementor-element-d27ec10 elementor-section-boxed elementor-section-height-default elementor-section-height-default\" data-id=\"d27ec10\" data-element_type=\"section\">\n\t\t\t\t\t\t<div class=\"elementor-container elementor-column-gap-default\">\n\t\t\t\t\t<div class=\"elementor-column elementor-col-50 elementor-top-column elementor-element elementor-element-8987313 top column-style-top\" data-id=\"8987313\" data-element_type=\"column\">\n\t\t\t<div class=\"elementor-widget-wrap elementor-element-populated\">\n\t\t\t\t\t\t\t\t<div class=\"elementor-element elementor-element-519cf44 elementor-widget elementor-widget-heading\" data-id=\"519cf44\" data-element_type=\"widget\" data-widget_type=\"heading.default\">\n\t\t\t\t<div class=\"elementor-widget-container\">\n\t\t\t<style>\/*! elementor - v3.15.0 - 20-08-2023 *\/\n.elementor-heading-title{padding:0;margin:0;line-height:1}.elementor-widget-heading .elementor-heading-title[class*=elementor-size-]>a{color:inherit;font-size:inherit;line-height:inherit}.elementor-widget-heading .elementor-heading-title.elementor-size-small{font-size:15px}.elementor-widget-heading .elementor-heading-title.elementor-size-medium{font-size:19px}.elementor-widget-heading .elementor-heading-title.elementor-size-large{font-size:29px}.elementor-widget-heading .elementor-heading-title.elementor-size-xl{font-size:39px}.elementor-widget-heading .elementor-heading-title.elementor-size-xxl{font-size:59px}<\/style><h4 class=\"elementor-heading-title elementor-size-default\">F\u00e1brica: Kocaeli \/ Turqu\u00eda<\/h4>\t\t<\/div>\n\t\t\t\t<\/div>\n\t\t\t\t<div class=\"elementor-element elementor-element-7a834fb elementor-widget elementor-widget-heading\" data-id=\"7a834fb\" data-element_type=\"widget\" data-widget_type=\"heading.default\">\n\t\t\t\t<div class=\"elementor-widget-container\">\n\t\t\t<div class=\"elementor-heading-title elementor-size-default\">Tel\u00e9fono: +90 262 724 95 60-62<\/div>\t\t<\/div>\n\t\t\t\t<\/div>\n\t\t\t\t<div class=\"elementor-element elementor-element-3ea0688 elementor-widget elementor-widget-heading\" data-id=\"3ea0688\" data-element_type=\"widget\" data-widget_type=\"heading.default\">\n\t\t\t\t<div class=\"elementor-widget-container\">\n\t\t\t<div class=\"elementor-heading-title elementor-size-default\">Fax: +90 262 724 95 65<\/div>\t\t<\/div>\n\t\t\t\t<\/div>\n\t\t\t\t<div class=\"elementor-element elementor-element-7e422ef elementor-widget elementor-widget-heading\" data-id=\"7e422ef\" data-element_type=\"widget\" data-widget_type=\"heading.default\">\n\t\t\t\t<div class=\"elementor-widget-container\">\n\t\t\t<div class=\"elementor-heading-title elementor-size-default\">Direcci\u00f3n: Tav\u015fanl\u0131 Mah. 4501 Sk. No:2 Gebze - Kocaeli \/ Turqu\u00eda<\/div>\t\t<\/div>\n\t\t\t\t<\/div>\n\t\t\t\t<div class=\"elementor-element elementor-element-2a4852f elementor-widget elementor-widget-button\" data-id=\"2a4852f\" data-element_type=\"widget\" data-widget_type=\"button.default\">\n\t\t\t\t<div class=\"elementor-widget-container\">\n\t\t\t\t\t<div class=\"elementor-button-wrapper\">\n\t\t\t<a class=\"elementor-button elementor-button-link elementor-size-sm\" href=\"https:\/\/www.google.com\/maps\/place\/Tekmak+A\u01e7ir+Makine\/@40.8055087,29.4859081,18z\/data=!4m6!3m5!1s0x14cb2138f7cde613:0x2b1aa1739a65440b!8m2!3d40.8056366!4d29.4856707!16s%2Fg%2F11h1mdm6xj?entry=ttu\" target=\"_blank\">\n\t\t\t\t\t\t<span class=\"elementor-button-content-wrapper\">\n\t\t\t\t\t\t<span class=\"elementor-button-text\">Ubicaci\u00f3n<\/span>\n\t\t<\/span>\n\t\t\t\t\t<\/a>\n\t\t<\/div>\n\t\t\t\t<\/div>\n\t\t\t\t<\/div>\n\t\t\t\t\t<\/div>\n\t\t<\/div>\n\t\t\t\t<div class=\"elementor-column elementor-col-50 elementor-top-column elementor-element elementor-element-a52991f top column-style-top\" data-id=\"a52991f\" data-element_type=\"column\">\n\t\t\t<div class=\"elementor-widget-wrap elementor-element-populated\">\n\t\t\t\t\t\t\t\t<div class=\"elementor-element elementor-element-e14f9a1 elementor-widget elementor-widget-google_maps\" data-id=\"e14f9a1\" data-element_type=\"widget\" data-widget_type=\"google_maps.default\">\n\t\t\t\t<div class=\"elementor-widget-container\">\n\t\t\t<style>\/*! elementor - v3.15.0 - 20-08-2023 *\/\n.elementor-widget-google_maps .elementor-widget-container{overflow:hidden}.elementor-widget-google_maps .elementor-custom-embed{line-height:0}.elementor-widget-google_maps iframe{height:300px}<\/style>\t\t<div class=\"elementor-custom-embed\">\n\t\t\t<iframe loading=\"lazy\"\n\t\t\t\t\tsrc=\"https:\/\/maps.google.com\/maps?q=Tekmak%20A%C7%A7ir%20Makine&#038;t=m&#038;z=14&#038;output=embed&#038;iwloc=near\"\n\t\t\t\t\ttitle=\"Tekmak A\u01e7ir Makine\"\n\t\t\t\t\taria-label=\"Tekmak A\u01e7ir Makine\"\n\t\t\t><\/iframe>\n\t\t<\/div>\n\t\t\t\t<\/div>\n\t\t\t\t<\/div>\n\t\t\t\t\t<\/div>\n\t\t<\/div>\n\t\t\t\t\t\t\t<\/div>\n\t\t<\/section>\n\t\t\t\t<section class=\"elementor-section elementor-top-section elementor-element elementor-element-b0bf701 elementor-section-boxed elementor-section-height-default elementor-section-height-default\" data-id=\"b0bf701\" data-element_type=\"section\">\n\t\t\t\t\t\t<div class=\"elementor-container elementor-column-gap-default\">\n\t\t\t\t\t<div class=\"elementor-column elementor-col-50 elementor-top-column elementor-element elementor-element-7852654 top column-style-top\" data-id=\"7852654\" data-element_type=\"column\">\n\t\t\t<div class=\"elementor-widget-wrap elementor-element-populated\">\n\t\t\t\t\t\t\t\t<div class=\"elementor-element elementor-element-7a57636 elementor-widget elementor-widget-heading\" data-id=\"7a57636\" data-element_type=\"widget\" data-widget_type=\"heading.default\">\n\t\t\t\t<div class=\"elementor-widget-container\">\n\t\t\t<h4 class=\"elementor-heading-title elementor-size-default\">Oficina: \u0130stanbul \/ Turqu\u00eda<\/h4>\t\t<\/div>\n\t\t\t\t<\/div>\n\t\t\t\t<div class=\"elementor-element elementor-element-2371244 elementor-widget elementor-widget-heading\" data-id=\"2371244\" data-element_type=\"widget\" data-widget_type=\"heading.default\">\n\t\t\t\t<div class=\"elementor-widget-container\">\n\t\t\t<div class=\"elementor-heading-title elementor-size-default\">Tel\u00e9fono: +90 216 488 24 25<\/div>\t\t<\/div>\n\t\t\t\t<\/div>\n\t\t\t\t<div class=\"elementor-element elementor-element-dc3a510 elementor-widget elementor-widget-heading\" data-id=\"dc3a510\" data-element_type=\"widget\" data-widget_type=\"heading.default\">\n\t\t\t\t<div class=\"elementor-widget-container\">\n\t\t\t<div class=\"elementor-heading-title elementor-size-default\">Fax: +90 216 488 26 25<\/div>\t\t<\/div>\n\t\t\t\t<\/div>\n\t\t\t\t<div class=\"elementor-element elementor-element-2965efa elementor-widget elementor-widget-heading\" data-id=\"2965efa\" data-element_type=\"widget\" data-widget_type=\"heading.default\">\n\t\t\t\t<div class=\"elementor-widget-container\">\n\t\t\t<div class=\"elementor-heading-title elementor-size-default\">Direcci\u00f3n: Yal\u0131 Mah. Topselvi Cad. Mai Residence B-100 Kat: 15 Kartal - \u0130stanbul \/ Turqu\u00eda<\/div>\t\t<\/div>\n\t\t\t\t<\/div>\n\t\t\t\t<div class=\"elementor-element elementor-element-219ba7f elementor-widget elementor-widget-button\" data-id=\"219ba7f\" data-element_type=\"widget\" data-widget_type=\"button.default\">\n\t\t\t\t<div class=\"elementor-widget-container\">\n\t\t\t\t\t<div class=\"elementor-button-wrapper\">\n\t\t\t<a class=\"elementor-button elementor-button-link elementor-size-sm\" href=\"https:\/\/www.google.com\/maps?ll=40.899449,29.218654&#038;z=14&#038;t=m&#038;hl=tr-TR&#038;gl=US&#038;mapclient=embed&#038;cid=9414298878151788360\" target=\"_blank\">\n\t\t\t\t\t\t<span class=\"elementor-button-content-wrapper\">\n\t\t\t\t\t\t<span class=\"elementor-button-text\">Ubicaci\u00f3n<\/span>\n\t\t<\/span>\n\t\t\t\t\t<\/a>\n\t\t<\/div>\n\t\t\t\t<\/div>\n\t\t\t\t<\/div>\n\t\t\t\t\t<\/div>\n\t\t<\/div>\n\t\t\t\t<div class=\"elementor-column elementor-col-50 elementor-top-column elementor-element elementor-element-5e921bc top column-style-top\" data-id=\"5e921bc\" data-element_type=\"column\">\n\t\t\t<div class=\"elementor-widget-wrap elementor-element-populated\">\n\t\t\t\t\t\t\t\t<div class=\"elementor-element elementor-element-dfd1d22 elementor-widget elementor-widget-google_maps\" data-id=\"dfd1d22\" data-element_type=\"widget\" data-widget_type=\"google_maps.default\">\n\t\t\t\t<div class=\"elementor-widget-container\">\n\t\t\t\t\t<div class=\"elementor-custom-embed\">\n\t\t\t<iframe loading=\"lazy\"\n\t\t\t\t\tsrc=\"https:\/\/maps.google.com\/maps?q=Yal%C4%B1%20Mah.%20Topselvi%20Cad.%20Mai%20Residence%20B-100%20Kat%3A%2015%20Kartal%20-%20%C4%B0stanbul%20%2F%20T%C3%BCrkiye&#038;t=m&#038;z=14&#038;output=embed&#038;iwloc=near\"\n\t\t\t\t\ttitle=\"Yal\u0131 Mah. Topselvi Cad. Mai Residence B-100 Kat: 15 Kartal - \u0130stanbul \/ T\u00fcrkiye\"\n\t\t\t\t\taria-label=\"Yal\u0131 Mah. Topselvi Cad. Mai Residence B-100 Kat: 15 Kartal - \u0130stanbul \/ T\u00fcrkiye\"\n\t\t\t><\/iframe>\n\t\t<\/div>\n\t\t\t\t<\/div>\n\t\t\t\t<\/div>\n\t\t\t\t\t<\/div>\n\t\t<\/div>\n\t\t\t\t\t\t\t<\/div>\n\t\t<\/section>\n\t\t\t\t\t\t\t<\/div>\n\t\t","protected":false},"excerpt":{"rendered":"<p>Correo electr\u00f3nico info@tekmak.com Tel\u00e9fono +90 262 724 95 60 Direcci\u00f3n Tav\u015fanl\u0131 Mah. 4501 Sk. No:2 Gebze &#8211; Kocaeli \/ Turqu\u00eda TekMak Global Mientras nos encontramos en el umbral de una nueva era, Tekmak se compromete a dar forma al futuro de la fabricaci\u00f3n de maquinaria. Nuestro viaje desde las m\u00e1quinas perfiladoras de tubos hasta los [&hellip;]<\/p>\n","protected":false},"author":1,"featured_media":0,"parent":0,"menu_order":0,"comment_status":"closed","ping_status":"closed","template":"","meta":{"footnotes":""},"class_list":["post-14624","page","type-page","status-publish","hentry"],"_links":{"self":[{"href":"https:\/\/tekmak.com\/es\/wp-json\/wp\/v2\/pages\/14624","targetHints":{"allow":["GET"]}}],"collection":[{"href":"https:\/\/tekmak.com\/es\/wp-json\/wp\/v2\/pages"}],"about":[{"href":"https:\/\/tekmak.com\/es\/wp-json\/wp\/v2\/types\/page"}],"author":[{"embeddable":true,"href":"https:\/\/tekmak.com\/es\/wp-json\/wp\/v2\/users\/1"}],"replies":[{"embeddable":true,"href":"https:\/\/tekmak.com\/es\/wp-json\/wp\/v2\/comments?post=14624"}],"version-history":[{"count":12,"href":"https:\/\/tekmak.com\/es\/wp-json\/wp\/v2\/pages\/14624\/revisions"}],"predecessor-version":[{"id":14690,"href":"https:\/\/tekmak.com\/es\/wp-json\/wp\/v2\/pages\/14624\/revisions\/14690"}],"wp:attachment":[{"href":"https:\/\/tekmak.com\/es\/wp-json\/wp\/v2\/media?parent=14624"}],"curies":[{"name":"wp","href":"https:\/\/api.w.org\/{rel}","templated":true}]}}